{"id":797,"date":"2024-04-29T22:24:35","date_gmt":"2024-04-29T21:24:35","guid":{"rendered":"https:\/\/hipotese-resolvente.pt\/?page_id=797"},"modified":"2024-04-29T22:24:35","modified_gmt":"2024-04-29T21:24:35","slug":"politica-de-privacidade","status":"publish","type":"page","link":"https:\/\/hipotese-resolvente.pt\/pt\/politica-de-privacidade\/","title":{"rendered":"Pol\u00edtica de Privacidade"},"content":{"rendered":"<p>Este documento refere-se \u00e0 prote\u00e7\u00e3o de pessoas singulares no que respeita ao tratamento de dados pessoais e \u00e0 livre circula\u00e7\u00e3o desses dados e \u00e9 integralmente regulado pela lei portuguesa.<\/p>\n<p>A Hip\u00f3tese Resolvente &#8211; Unipessoal, Lda. assume o compromisso permanente de proteger a privacidade dos dados pessoais fornecidos pelos seus utilizadores no \u00e2mbito dos servi\u00e7os por ela prestados.<\/p>\n<p>Este documento visa, assim, prestar aos utilizadores a informa\u00e7\u00e3o necess\u00e1ria relativamente \u00e0 pol\u00edtica de privacidade da Hip\u00f3tese Resolvente &#8211; Unipessoal, Lda., de modo a que estes possam dar o seu consentimento expresso, livre e informado ao processamento dos seus dados pessoais realizados pela Hip\u00f3tese Resolvente &#8211; Unipessoal, Lda..<\/p>\n<p>Por favor, leia atentamente este documento. Ao aceder a este website e disponibilizar os seus dados pessoais, implica o conhecimento e aceita\u00e7\u00e3o expressa e pr\u00e9via das condi\u00e7\u00f5es aqui constantes.<\/p>\n<p>Ao disponibilizar os seus dados pessoais no website, est\u00e1 a autorizar a sua recolha e tratamento de acordo com as regras aqui definidas.<\/p>\n<p>1. Defini\u00e7\u00e3o de dados pessoais<br \/>\n&#8220;Dados pessoais&#8221; s\u00e3o informa\u00e7\u00f5es sobre uma pessoa que nos s\u00e3o disponibilizadas quando essa pessoa visita o nosso Website. Entre outras, incluem-se, o nome pr\u00f3prio, apelidos, endere\u00e7o de correio electr\u00f3nico ou o n\u00famero de telefone.<\/p>\n<p>&nbsp;<\/p>\n<p>2. Confidencialidade<br \/>\n\u00c9 nossa pol\u00edtica que informa\u00e7\u00f5es pessoais, tais como o seu nome, morada, n\u00fameros de telefone ou endere\u00e7os de e-mail, s\u00e3o dados privados e confidenciais. As informa\u00e7\u00f5es pessoais, que nos fornecer, est\u00e3o conservadas em seguran\u00e7a. Essas informa\u00e7\u00f5es ser\u00e3o usadas apenas com o intuito para qual nos solicitou, como por exemplo responder \u00e0s suas quest\u00f5es.<\/p>\n<p>A Hip\u00f3tese Resolvente &#8211; Unipessoal, Lda. respeita a privacidade do utilizador e processa os seus dados pessoais de acordo com as leis em vigor. Os dados n\u00e3o ser\u00e3o processados para quaisquer outros fins que n\u00e3o os aqui especificados.<\/p>\n<p>&nbsp;<\/p>\n<p>3. Recolha de dados pessoais do utilizador<br \/>\nQualquer dado pessoal que nos disponibilize ao visitar o nosso Website ser\u00e1 processado em conformidade com o regulamento geral de protec\u00e7\u00e3o de dados e apenas ser\u00e3o recolhidos, processados e utilizados para fins l\u00edcitos e leg\u00edtimos.<\/p>\n<p>Os dados recolhidos nos formul\u00e1rios do nosso website destinam-se exclusivamente ao processamento dos pedidos dos utilizadores, n\u00e3o ser\u00e3o gravados na base de dados do nosso website e n\u00e3o ser\u00e3o usados para qualquer outro tipo de processamento.<br \/>\nNa exist\u00eancia de formul\u00e1rio de newsletter, os dados recolhidos na sua subscri\u00e7\u00e3o destinam-se exclusivamente \u00e0 comunica\u00e7\u00e3o e divulga\u00e7\u00e3o por parte da Hip\u00f3tese Resolvente &#8211; Unipessoal, Lda. aos mesmos, dos servi\u00e7os que presta.<\/p>\n<p>Por motivos t\u00e9cnicos, quando visita o nosso Website, determinada informa\u00e7\u00e3o \u00e9 armazenada de forma autom\u00e1tica. (Por exemplo: Endere\u00e7o IP da sua liga\u00e7\u00e3o \u00e0 internet atribu\u00eddo pelo seu ISP, o Website a partir do qual acedeu ao nosso Website, o tipo de dispositivo e o navegador que a ser utilizado). Esta informa\u00e7\u00e3o \u00e9 recolhida e armazenada pela Google Analytics para an\u00e1lise de comportamentos e assim implementar melhorias no nosso website.<\/p>\n<p>A Hip\u00f3tese Resolvente &#8211; Unipessoal, Lda. declara que n\u00e3o utilizar\u00e1 os dados pessoais dos utilizadores para envio de conte\u00fados n\u00e3o solicitados ou cujo conte\u00fado n\u00e3o tenha recebido o seu consentimento expl\u00edcito.<\/p>\n<p>3.1. Cookies<br \/>\nO nosso website utiliza &#8220;cookies&#8221;.<br \/>\nCookies s\u00e3o pequenos ficheiros de texto guardados pelo nosso website no computador dos utilizadores. O nosso website utiliza cookies para reconhecer os utilizadores quando da sua visita. Esta utiliza\u00e7\u00e3o permite-nos melhorar a facilidade de utiliza\u00e7\u00e3o do nosso website e adequ\u00e1-lo \u00e0s necessidades dos seus utilizadores. Os cookies armazenados no computador dos utilizadores permanecem v\u00e1lidos durante um per\u00edodo de tempo ilimitado ap\u00f3s a primeira visita dos utilizadores ao website.<\/p>\n<p>Poder\u00e1 configurar o seu navegador (browser) para a n\u00e3o aceita\u00e7\u00e3o de cookies deste website. No entanto, a n\u00e3o aceita\u00e7\u00e3o de cookies limita o acesso e utiliza\u00e7\u00e3o de determinadas funcionalidades do mesmo.<\/p>\n<p>Poder\u00e1 saber mais na nossa Pol\u00edtica de Cookies.<\/p>\n<p>&nbsp;<\/p>\n<p>4. Conserva\u00e7\u00e3o de dados pessoais<br \/>\nAp\u00f3s a recolha de informa\u00e7\u00e3o pessoal individualizada transmitida voluntariamente pelo utilizador, a Hip\u00f3tese Resolvente &#8211; Unipessoal, Lda. proceder\u00e1 \u00e0 sua conserva\u00e7\u00e3o e manuten\u00e7\u00e3o pelo per\u00edodo necess\u00e1rio \u00e0 finalidade do seu tratamento, at\u00e9 instru\u00e7\u00f5es em contr\u00e1rio, ou at\u00e9 que a lei exija a respectiva elimina\u00e7\u00e3o.<\/p>\n<p>Os dados tratados pela Google Analytics ser\u00e3o conservados durante 14 meses, os quais ser\u00e3o eliminados automaticamente ap\u00f3s este prazo.<\/p>\n<p>&nbsp;<\/p>\n<p>5. Seguran\u00e7a dos dados pessoais<br \/>\nA Hip\u00f3tese Resolvente &#8211; Unipessoal, Lda. compromete-se a n\u00e3o vender nem alugar ou transmitir ou sob qualquer outro t\u00edtulo, a terceiros quaisquer dados pessoais enviados pelos utilizadores do nosso website, sem preju\u00edzo de o fazer mediante autoriza\u00e7\u00e3o do utilizador ou quando seja legalmente obrigado. A Hip\u00f3tese Resolvente &#8211; Unipessoal, Lda. assegura que, tanto quanto \u00e9 exig\u00edvel e atend\u00edvel, foram adoptadas e organizadas as medidas adequadas para proteger os dados pessoais contra a destrui\u00e7\u00e3o, altera\u00e7\u00e3o e\/ou difus\u00e3o acidental ou il\u00edcita, n\u00e3o autorizadas dos dados pessoais.<\/p>\n<p>Qualquer tentativa de viola\u00e7\u00e3o da base de dados do presente website ser\u00e1 objeto de a\u00e7\u00e3o penal e queixa-crime, conforme previsto na legisla\u00e7\u00e3o portuguesa referente a bases de dados e poder\u00e1 implicar responsabilidade civil e criminal.<\/p>\n<p>&nbsp;<\/p>\n<p>6. Ced\u00eancia de informa\u00e7\u00f5es de dados pessoais a terceiros<br \/>\nOs dados pessoais comuns podem ser comunicados pela Hip\u00f3tese Resolvente &#8211; Unipessoal, Lda.:<\/p>\n<p>\u00c0s pessoas e empresas que prestem servi\u00e7os de consultoria jur\u00eddica, fiscal, financeira e contabil\u00edstica \u00e0 Hip\u00f3tese Resolvente &#8211; Unipessoal, Lda.;<br \/>\nInstitui\u00e7\u00f5es, entidades e\/ou autoridades a quem os dados devam ser transmitido nos termos estatut\u00e1ria e\/ou legalmente previstos;<br \/>\nEntidades ligadas \u00e0 actividade comercial prosseguida pela Hip\u00f3tese Resolvente &#8211; Unipessoal, Lda. e estritamente relacionadas com a presta\u00e7\u00e3o de servi\u00e7os por esta \u00faltima e entidades a quem a Hip\u00f3tese Resolvente &#8211; Unipessoal, Lda. delega a manuten\u00e7\u00e3o t\u00e9cnica dos servi\u00e7os por si prestados, incluindo a manuten\u00e7\u00e3o da website e comunica\u00e7\u00f5es electr\u00f3nicas.<\/p>\n<p>&nbsp;<\/p>\n<p>7. Controlador e Processador de Dados<br \/>\nO respons\u00e1vel pelo processamento e tratamento dos dados \u00e9 a:<\/p>\n<p>Hip\u00f3tese Resolvente &#8211; Unipessoal, Lda.<br \/>\nZona Industrial de Romariz,<br \/>\nRua da Ind\u00fastria 99A<br \/>\n3700-864 Romariz<br \/>\nSanta Maria da Feira \u2013 Portugal<\/p>\n<p>&nbsp;<\/p>\n<p>8. Acesso, Rectifica\u00e7\u00e3o ou elimina\u00e7\u00e3o dos dados fornecidos<br \/>\nNos termos da legisla\u00e7\u00e3o aplic\u00e1vel assiste ao utilizador o direito de acesso, retifica\u00e7\u00e3o ou elimina\u00e7\u00e3o dos seus dados.<br \/>\nPoder\u00e1 exercer esse direito contactando-nos.<\/p>\n<p>Hip\u00f3tese Resolvente &#8211; Unipessoal, Lda.<br \/>\nZona Industrial de Romariz,<br \/>\nRua da Ind\u00fastria 99A<br \/>\n3700-864 Romariz<br \/>\nSanta Maria da Feira \u2013 Portugal<br \/>\nTelefone: +351 256 928 359 (Chamada para rede fixa nacional)<\/p>\n<p>Poder\u00e1 tamb\u00e9m solicitar informa\u00e7\u00f5es via e-mail para o endere\u00e7o acad-musica-arouca@sapo.pt<\/p>\n<p>A Hip\u00f3tese Resolvente &#8211; Unipessoal, Lda. reserva-se no direito de atualizar ou modificar a sua Pol\u00edtica de Privacidade a qualquer momento, nomeadamente, de forma a adapt\u00e1-la a altera\u00e7\u00f5es legislativas.<\/p>\n","protected":false},"excerpt":{"rendered":"<p>Este documento refere-se \u00e0 prote\u00e7\u00e3o de pessoas singulares no que respeita ao tratamento de dados pessoais e \u00e0 livre circula\u00e7\u00e3o desses dados e \u00e9 integralmente<\/p>\n","protected":false},"author":1,"featured_media":0,"parent":0,"menu_order":0,"comment_status":"closed","ping_status":"closed","template":"","meta":{"footnotes":""},"class_list":["post-797","page","type-page","status-publish","hentry"],"yoast_head":"<!-- This site is optimized with the Yoast SEO plugin v27.1.1 - https:\/\/yoast.com\/product\/yoast-seo-wordpress\/ -->\n<title>Pol\u00edtica de Privacidade - HR<\/title>\n<meta name=\"robots\" content=\"index, follow, max-snippet:-1, max-image-preview:large, max-video-preview:-1\" \/>\n<link rel=\"canonical\" href=\"https:\/\/hipotese-resolvente.pt\/pt\/politica-de-privacidade\/\" \/>\n<meta property=\"og:locale\" content=\"pt_PT\" \/>\n<meta property=\"og:type\" content=\"article\" \/>\n<meta property=\"og:title\" content=\"Pol\u00edtica de Privacidade - HR\" \/>\n<meta property=\"og:description\" content=\"Este documento refere-se \u00e0 prote\u00e7\u00e3o de pessoas singulares no que respeita ao tratamento de dados pessoais e \u00e0 livre circula\u00e7\u00e3o desses dados e \u00e9 integralmente\" \/>\n<meta property=\"og:url\" content=\"https:\/\/hipotese-resolvente.pt\/pt\/politica-de-privacidade\/\" \/>\n<meta property=\"og:site_name\" content=\"HR\" \/>\n<meta property=\"article:publisher\" content=\"https:\/\/www.facebook.com\/Hiptese-Resolvente-Unip-Lda-344538253580257\/\" \/>\n<meta property=\"og:image\" content=\"https:\/\/hipotese-resolvente.pt\/wp\/wp-content\/uploads\/2022\/07\/Hipotese-Resolvente_logo.jpg\" \/>\n\t<meta property=\"og:image:width\" content=\"812\" \/>\n\t<meta property=\"og:image:height\" content=\"660\" \/>\n\t<meta property=\"og:image:type\" content=\"image\/jpeg\" \/>\n<meta name=\"twitter:card\" content=\"summary_large_image\" \/>\n<meta name=\"twitter:label1\" content=\"Tempo estimado de leitura\" \/>\n\t<meta name=\"twitter:data1\" content=\"6 minutos\" \/>\n<script type=\"application\/ld+json\" class=\"yoast-schema-graph\">{\"@context\":\"https:\/\/schema.org\",\"@graph\":[{\"@type\":\"WebPage\",\"@id\":\"https:\/\/hipotese-resolvente.pt\/politica-de-privacidade\/\",\"url\":\"https:\/\/hipotese-resolvente.pt\/politica-de-privacidade\/\",\"name\":\"Pol\u00edtica de Privacidade - HR\",\"isPartOf\":{\"@id\":\"https:\/\/hipotese-resolvente.pt\/pt\/#website\"},\"datePublished\":\"2024-04-29T21:24:35+00:00\",\"breadcrumb\":{\"@id\":\"https:\/\/hipotese-resolvente.pt\/politica-de-privacidade\/#breadcrumb\"},\"inLanguage\":\"pt-PT\",\"potentialAction\":[{\"@type\":\"ReadAction\",\"target\":[\"https:\/\/hipotese-resolvente.pt\/politica-de-privacidade\/\"]}]},{\"@type\":\"BreadcrumbList\",\"@id\":\"https:\/\/hipotese-resolvente.pt\/politica-de-privacidade\/#breadcrumb\",\"itemListElement\":[{\"@type\":\"ListItem\",\"position\":1,\"name\":\"In\u00edcio\",\"item\":\"https:\/\/hipotese-resolvente.pt\/\"},{\"@type\":\"ListItem\",\"position\":2,\"name\":\"Pol\u00edtica de Privacidade\"}]},{\"@type\":\"WebSite\",\"@id\":\"https:\/\/hipotese-resolvente.pt\/pt\/#website\",\"url\":\"https:\/\/hipotese-resolvente.pt\/pt\/\",\"name\":\"Hipotese Resolvente - Venda, Manuten\u00e7\u00e3o e Repara\u00e7\u00e3o de Equipamentos Industriais\",\"description\":\"Servi\u00e7os Manuten\u00e7\u00e3o Industrial\",\"publisher\":{\"@id\":\"https:\/\/hipotese-resolvente.pt\/pt\/#organization\"},\"alternateName\":\"HR\",\"potentialAction\":[{\"@type\":\"SearchAction\",\"target\":{\"@type\":\"EntryPoint\",\"urlTemplate\":\"https:\/\/hipotese-resolvente.pt\/pt\/?s={search_term_string}\"},\"query-input\":{\"@type\":\"PropertyValueSpecification\",\"valueRequired\":true,\"valueName\":\"search_term_string\"}}],\"inLanguage\":\"pt-PT\"},{\"@type\":\"Organization\",\"@id\":\"https:\/\/hipotese-resolvente.pt\/pt\/#organization\",\"name\":\"Hipotese Resolvente - Venda, Manuten\u00e7\u00e3o e Repara\u00e7\u00e3o de Equipamentos Industriais\",\"alternateName\":\"HR\",\"url\":\"https:\/\/hipotese-resolvente.pt\/pt\/\",\"logo\":{\"@type\":\"ImageObject\",\"inLanguage\":\"pt-PT\",\"@id\":\"https:\/\/hipotese-resolvente.pt\/pt\/#\/schema\/logo\/image\/\",\"url\":\"https:\/\/hipotese-resolvente.pt\/wp\/wp-content\/uploads\/2022\/07\/hr_siteLogo.png\",\"contentUrl\":\"https:\/\/hipotese-resolvente.pt\/wp\/wp-content\/uploads\/2022\/07\/hr_siteLogo.png\",\"width\":100,\"height\":60,\"caption\":\"Hipotese Resolvente - Venda, Manuten\u00e7\u00e3o e Repara\u00e7\u00e3o de Equipamentos Industriais\"},\"image\":{\"@id\":\"https:\/\/hipotese-resolvente.pt\/pt\/#\/schema\/logo\/image\/\"},\"sameAs\":[\"https:\/\/www.facebook.com\/Hiptese-Resolvente-Unip-Lda-344538253580257\/\"]}]}<\/script>\n<!-- \/ Yoast SEO plugin. -->","yoast_head_json":{"title":"Pol\u00edtica de Privacidade - HR","robots":{"index":"index","follow":"follow","max-snippet":"max-snippet:-1","max-image-preview":"max-image-preview:large","max-video-preview":"max-video-preview:-1"},"canonical":"https:\/\/hipotese-resolvente.pt\/pt\/politica-de-privacidade\/","og_locale":"pt_PT","og_type":"article","og_title":"Pol\u00edtica de Privacidade - HR","og_description":"Este documento refere-se \u00e0 prote\u00e7\u00e3o de pessoas singulares no que respeita ao tratamento de dados pessoais e \u00e0 livre circula\u00e7\u00e3o desses dados e \u00e9 integralmente","og_url":"https:\/\/hipotese-resolvente.pt\/pt\/politica-de-privacidade\/","og_site_name":"HR","article_publisher":"https:\/\/www.facebook.com\/Hiptese-Resolvente-Unip-Lda-344538253580257\/","og_image":[{"width":812,"height":660,"url":"https:\/\/hipotese-resolvente.pt\/wp\/wp-content\/uploads\/2022\/07\/Hipotese-Resolvente_logo.jpg","type":"image\/jpeg"}],"twitter_card":"summary_large_image","twitter_misc":{"Tempo estimado de leitura":"6 minutos"},"schema":{"@context":"https:\/\/schema.org","@graph":[{"@type":"WebPage","@id":"https:\/\/hipotese-resolvente.pt\/politica-de-privacidade\/","url":"https:\/\/hipotese-resolvente.pt\/politica-de-privacidade\/","name":"Pol\u00edtica de Privacidade - HR","isPartOf":{"@id":"https:\/\/hipotese-resolvente.pt\/pt\/#website"},"datePublished":"2024-04-29T21:24:35+00:00","breadcrumb":{"@id":"https:\/\/hipotese-resolvente.pt\/politica-de-privacidade\/#breadcrumb"},"inLanguage":"pt-PT","potentialAction":[{"@type":"ReadAction","target":["https:\/\/hipotese-resolvente.pt\/politica-de-privacidade\/"]}]},{"@type":"BreadcrumbList","@id":"https:\/\/hipotese-resolvente.pt\/politica-de-privacidade\/#breadcrumb","itemListElement":[{"@type":"ListItem","position":1,"name":"In\u00edcio","item":"https:\/\/hipotese-resolvente.pt\/"},{"@type":"ListItem","position":2,"name":"Pol\u00edtica de Privacidade"}]},{"@type":"WebSite","@id":"https:\/\/hipotese-resolvente.pt\/pt\/#website","url":"https:\/\/hipotese-resolvente.pt\/pt\/","name":"Hipotese Resolvente - Venda, Manuten\u00e7\u00e3o e Repara\u00e7\u00e3o de Equipamentos Industriais","description":"Servi\u00e7os Manuten\u00e7\u00e3o Industrial","publisher":{"@id":"https:\/\/hipotese-resolvente.pt\/pt\/#organization"},"alternateName":"HR","potentialAction":[{"@type":"SearchAction","target":{"@type":"EntryPoint","urlTemplate":"https:\/\/hipotese-resolvente.pt\/pt\/?s={search_term_string}"},"query-input":{"@type":"PropertyValueSpecification","valueRequired":true,"valueName":"search_term_string"}}],"inLanguage":"pt-PT"},{"@type":"Organization","@id":"https:\/\/hipotese-resolvente.pt\/pt\/#organization","name":"Hipotese Resolvente - Venda, Manuten\u00e7\u00e3o e Repara\u00e7\u00e3o de Equipamentos Industriais","alternateName":"HR","url":"https:\/\/hipotese-resolvente.pt\/pt\/","logo":{"@type":"ImageObject","inLanguage":"pt-PT","@id":"https:\/\/hipotese-resolvente.pt\/pt\/#\/schema\/logo\/image\/","url":"https:\/\/hipotese-resolvente.pt\/wp\/wp-content\/uploads\/2022\/07\/hr_siteLogo.png","contentUrl":"https:\/\/hipotese-resolvente.pt\/wp\/wp-content\/uploads\/2022\/07\/hr_siteLogo.png","width":100,"height":60,"caption":"Hipotese Resolvente - Venda, Manuten\u00e7\u00e3o e Repara\u00e7\u00e3o de Equipamentos Industriais"},"image":{"@id":"https:\/\/hipotese-resolvente.pt\/pt\/#\/schema\/logo\/image\/"},"sameAs":["https:\/\/www.facebook.com\/Hiptese-Resolvente-Unip-Lda-344538253580257\/"]}]}},"_links":{"self":[{"href":"https:\/\/hipotese-resolvente.pt\/pt\/wp-json\/wp\/v2\/pages\/797","targetHints":{"allow":["GET"]}}],"collection":[{"href":"https:\/\/hipotese-resolvente.pt\/pt\/wp-json\/wp\/v2\/pages"}],"about":[{"href":"https:\/\/hipotese-resolvente.pt\/pt\/wp-json\/wp\/v2\/types\/page"}],"author":[{"embeddable":true,"href":"https:\/\/hipotese-resolvente.pt\/pt\/wp-json\/wp\/v2\/users\/1"}],"replies":[{"embeddable":true,"href":"https:\/\/hipotese-resolvente.pt\/pt\/wp-json\/wp\/v2\/comments?post=797"}],"version-history":[{"count":1,"href":"https:\/\/hipotese-resolvente.pt\/pt\/wp-json\/wp\/v2\/pages\/797\/revisions"}],"predecessor-version":[{"id":798,"href":"https:\/\/hipotese-resolvente.pt\/pt\/wp-json\/wp\/v2\/pages\/797\/revisions\/798"}],"wp:attachment":[{"href":"https:\/\/hipotese-resolvente.pt\/pt\/wp-json\/wp\/v2\/media?parent=797"}],"curies":[{"name":"wp","href":"https:\/\/api.w.org\/{rel}","templated":true}]}}