{"id":795,"date":"2024-04-29T22:22:30","date_gmt":"2024-04-29T21:22:30","guid":{"rendered":"https:\/\/hipotese-resolvente.pt\/?page_id=795"},"modified":"2024-04-29T22:22:30","modified_gmt":"2024-04-29T21:22:30","slug":"termos-de-utilizacao","status":"publish","type":"page","link":"https:\/\/hipotese-resolvente.pt\/pt\/termos-de-utilizacao\/","title":{"rendered":"Termos de Utiliza\u00e7\u00e3o"},"content":{"rendered":"<p>O conte\u00fado deste s\u00edtio electr\u00f3nico, incluindo designadamente os textos, imagens, fotografias, aplica\u00e7\u00f5es multim\u00e9dia e outros elementos no mesmo contidos s\u00e3o propriedade da Hip\u00f3tese Resolvente &#8211; Unipessoal, Lda., com excep\u00e7\u00e3o dos conte\u00fados fornecidos por anunciantes ou parceiros comerciais que se encontrem identificados como tal. O conte\u00fado deste s\u00edtio electr\u00f3nico, incluindo designadamente os textos, imagens, fotografias, aplica\u00e7\u00f5es multim\u00e9dia e outros elementos no mesmo contidos s\u00e3o propriedade da Hip\u00f3tese Resolvente &#8211; Unipessoal, Lda., com excep\u00e7\u00e3o dos conte\u00fados fornecidos por anunciantes ou parceiros comerciais que se encontrem identificados como tal.<\/p>\n<p>A Hip\u00f3tese Resolvente &#8211; Unipessoal, Lda. reserva-se o direito de utilizar a informa\u00e7\u00e3o disponibilizada pelo utilizador para realizar contatos de promo\u00e7\u00e3o das suas iniciativas e dos seus servi\u00e7os salvo se o utilizador, nos dados de registo, indicar o contr\u00e1rio.<\/p>\n<p>Ao utilizador \u00e9 meramente autorizado fazer uso dos conte\u00fados do s\u00edtio e newsletter para fins estritamente pessoais, sendo-lhe expressamente proibido publicar, reproduzir, difundir, distribuir ou por qualquer forma tornar os conte\u00fados acess\u00edveis a terceiros para quaisquer fins, designadamente de comunica\u00e7\u00e3o p\u00fablica ou de comercializa\u00e7\u00e3o, atrav\u00e9s da disponibiliza\u00e7\u00e3o noutro s\u00edtio, servi\u00e7o electr\u00f3nico, f\u00f3rum virtual ou c\u00f3pias em papel. \u00c9 expressamente interdita a c\u00f3pia, reprodu\u00e7\u00e3o e difus\u00e3o integral ou parcial de todos os conte\u00fados deste s\u00edtio sem autoriza\u00e7\u00e3o expressa, quaisquer que sejam os meios para tal utilizados, com a excep\u00e7\u00e3o do direito de cita\u00e7\u00e3o definido na lei do C\u00f3digo dos Direitos de Autor e dos Direitos Conexos.<\/p>\n<p>Nenhuma pessoa ou entidade implicada na cria\u00e7\u00e3o, produ\u00e7\u00e3o ou distribui\u00e7\u00e3o do s\u00edtio electr\u00f3nico www.hipotese-resolvente.pt ou no respectivo CMS ser\u00e1 respons\u00e1vel por quaisquer perdas e danos, diretos ou indiretos, decorrentes da utiliza\u00e7\u00e3o do s\u00edtio nos conte\u00fados enviados por email. O utilizador aceita que estas disposi\u00e7\u00f5es se aplicam a todos os conte\u00fados inclu\u00eddos no s\u00edtio. O acesso ao s\u00edtio electr\u00f3nico www.hipotese-resolvente.pt n\u00e3o dispensa o conhecimento pr\u00e9vio das condi\u00e7\u00f5es gerais para a utiliza\u00e7\u00e3o do seu conte\u00fado e respectivos servi\u00e7os e implica que o utilizador e o visitante teve conhecimento integral dos mesmos.<\/p>\n<p>A Hip\u00f3tese Resolvente &#8211; Unipessoal, Lda. n\u00e3o se responsabiliza pela qualidade, seguran\u00e7a, funcionalidade, legalidade ou licitude dos links e dos recursos referenciados fora do site www.hipotese-resolvente.pt.\u00c9 expressamente proibido a qualquer utilizador criar ou introduzir quaisquer tipos de v\u00edrus ou programas que alterem ou danifiquem o funcionamento e os conte\u00fados disponibilizados atrav\u00e9s do site www.hipotese-resolvente.pt ou da newsletter.<br \/>\nA Hip\u00f3tese Resolvente &#8211; Unipessoal, Lda. n\u00e3o garante que o site www.hipotese-resolvente.pt e o envio de informa\u00e7\u00e3o por email funcione ininterruptamente ou se encontre livre de erros.<\/p>\n<p>A Hip\u00f3tese Resolvente &#8211; Unipessoal, Lda. reserva-se o direito de, sem qualquer notifica\u00e7\u00e3o previa a altera\u00e7\u00e3o dos termos e condi\u00e7\u00f5es de uso deste sitio.<\/p>\n<p>Resolu\u00e7\u00e3o Alternativa de Conflitos de Consumo de acordo com a Lei n\u00ba 144\/2015 informamos que, em caso de lit\u00edgio, o consumidor pode recorrer a uma Entidade de Resolu\u00e7\u00e3o Alternativa de Lit\u00edgios de consumo:<\/p>\n<p>Centro de Informa\u00e7\u00e3o de Consumo e Arbitragem do Porto<br \/>\nRua Dami\u00e3o de Gois, 31 Loja 64050-225 Porto<br \/>\nTelf.:225 508 349 \/ 225 029 791 \/ Fax: 225 026 109<br \/>\nE-mail: cicap@cicap.pt \/ Web: www.cicap.pt<br \/>\nMais informa\u00e7\u00f5es em Portal do Consumidor www.consumidor.pt<\/p>\n","protected":false},"excerpt":{"rendered":"<p>O conte\u00fado deste s\u00edtio electr\u00f3nico, incluindo designadamente os textos, imagens, fotografias, aplica\u00e7\u00f5es multim\u00e9dia e outros elementos no mesmo contidos s\u00e3o propriedade da Hip\u00f3tese Resolvente &#8211;<\/p>\n","protected":false},"author":1,"featured_media":0,"parent":0,"menu_order":0,"comment_status":"closed","ping_status":"closed","template":"","meta":{"footnotes":""},"class_list":["post-795","page","type-page","status-publish","hentry"],"yoast_head":"<!-- This site is optimized with the Yoast SEO plugin v27.1.1 - https:\/\/yoast.com\/product\/yoast-seo-wordpress\/ -->\n<title>Termos de Utiliza\u00e7\u00e3o - HR<\/title>\n<meta name=\"robots\" content=\"index, follow, max-snippet:-1, max-image-preview:large, max-video-preview:-1\" \/>\n<link rel=\"canonical\" href=\"https:\/\/hipotese-resolvente.pt\/pt\/termos-de-utilizacao\/\" \/>\n<meta property=\"og:locale\" content=\"pt_PT\" \/>\n<meta property=\"og:type\" content=\"article\" \/>\n<meta property=\"og:title\" content=\"Termos de Utiliza\u00e7\u00e3o - HR\" \/>\n<meta property=\"og:description\" content=\"O conte\u00fado deste s\u00edtio electr\u00f3nico, incluindo designadamente os textos, imagens, fotografias, aplica\u00e7\u00f5es multim\u00e9dia e outros elementos no mesmo contidos s\u00e3o propriedade da Hip\u00f3tese Resolvente &#8211;\" \/>\n<meta property=\"og:url\" content=\"https:\/\/hipotese-resolvente.pt\/pt\/termos-de-utilizacao\/\" \/>\n<meta property=\"og:site_name\" content=\"HR\" \/>\n<meta property=\"article:publisher\" content=\"https:\/\/www.facebook.com\/Hiptese-Resolvente-Unip-Lda-344538253580257\/\" \/>\n<meta property=\"og:image\" content=\"https:\/\/hipotese-resolvente.pt\/wp\/wp-content\/uploads\/2022\/07\/Hipotese-Resolvente_logo.jpg\" \/>\n\t<meta property=\"og:image:width\" content=\"812\" \/>\n\t<meta property=\"og:image:height\" content=\"660\" \/>\n\t<meta property=\"og:image:type\" content=\"image\/jpeg\" \/>\n<meta name=\"twitter:card\" content=\"summary_large_image\" \/>\n<meta name=\"twitter:label1\" content=\"Tempo estimado de leitura\" \/>\n\t<meta name=\"twitter:data1\" content=\"3 minutos\" \/>\n<script type=\"application\/ld+json\" class=\"yoast-schema-graph\">{\"@context\":\"https:\/\/schema.org\",\"@graph\":[{\"@type\":\"WebPage\",\"@id\":\"https:\/\/hipotese-resolvente.pt\/termos-de-utilizacao\/\",\"url\":\"https:\/\/hipotese-resolvente.pt\/termos-de-utilizacao\/\",\"name\":\"Termos de Utiliza\u00e7\u00e3o - HR\",\"isPartOf\":{\"@id\":\"https:\/\/hipotese-resolvente.pt\/pt\/#website\"},\"datePublished\":\"2024-04-29T21:22:30+00:00\",\"breadcrumb\":{\"@id\":\"https:\/\/hipotese-resolvente.pt\/termos-de-utilizacao\/#breadcrumb\"},\"inLanguage\":\"pt-PT\",\"potentialAction\":[{\"@type\":\"ReadAction\",\"target\":[\"https:\/\/hipotese-resolvente.pt\/termos-de-utilizacao\/\"]}]},{\"@type\":\"BreadcrumbList\",\"@id\":\"https:\/\/hipotese-resolvente.pt\/termos-de-utilizacao\/#breadcrumb\",\"itemListElement\":[{\"@type\":\"ListItem\",\"position\":1,\"name\":\"In\u00edcio\",\"item\":\"https:\/\/hipotese-resolvente.pt\/\"},{\"@type\":\"ListItem\",\"position\":2,\"name\":\"Termos de Utiliza\u00e7\u00e3o\"}]},{\"@type\":\"WebSite\",\"@id\":\"https:\/\/hipotese-resolvente.pt\/pt\/#website\",\"url\":\"https:\/\/hipotese-resolvente.pt\/pt\/\",\"name\":\"Hipotese Resolvente - Venda, Manuten\u00e7\u00e3o e Repara\u00e7\u00e3o de Equipamentos Industriais\",\"description\":\"Servi\u00e7os Manuten\u00e7\u00e3o Industrial\",\"publisher\":{\"@id\":\"https:\/\/hipotese-resolvente.pt\/pt\/#organization\"},\"alternateName\":\"HR\",\"potentialAction\":[{\"@type\":\"SearchAction\",\"target\":{\"@type\":\"EntryPoint\",\"urlTemplate\":\"https:\/\/hipotese-resolvente.pt\/pt\/?s={search_term_string}\"},\"query-input\":{\"@type\":\"PropertyValueSpecification\",\"valueRequired\":true,\"valueName\":\"search_term_string\"}}],\"inLanguage\":\"pt-PT\"},{\"@type\":\"Organization\",\"@id\":\"https:\/\/hipotese-resolvente.pt\/pt\/#organization\",\"name\":\"Hipotese Resolvente - Venda, Manuten\u00e7\u00e3o e Repara\u00e7\u00e3o de Equipamentos Industriais\",\"alternateName\":\"HR\",\"url\":\"https:\/\/hipotese-resolvente.pt\/pt\/\",\"logo\":{\"@type\":\"ImageObject\",\"inLanguage\":\"pt-PT\",\"@id\":\"https:\/\/hipotese-resolvente.pt\/pt\/#\/schema\/logo\/image\/\",\"url\":\"https:\/\/hipotese-resolvente.pt\/wp\/wp-content\/uploads\/2022\/07\/hr_siteLogo.png\",\"contentUrl\":\"https:\/\/hipotese-resolvente.pt\/wp\/wp-content\/uploads\/2022\/07\/hr_siteLogo.png\",\"width\":100,\"height\":60,\"caption\":\"Hipotese Resolvente - Venda, Manuten\u00e7\u00e3o e Repara\u00e7\u00e3o de Equipamentos Industriais\"},\"image\":{\"@id\":\"https:\/\/hipotese-resolvente.pt\/pt\/#\/schema\/logo\/image\/\"},\"sameAs\":[\"https:\/\/www.facebook.com\/Hiptese-Resolvente-Unip-Lda-344538253580257\/\"]}]}<\/script>\n<!-- \/ Yoast SEO plugin. -->","yoast_head_json":{"title":"Termos de Utiliza\u00e7\u00e3o - HR","robots":{"index":"index","follow":"follow","max-snippet":"max-snippet:-1","max-image-preview":"max-image-preview:large","max-video-preview":"max-video-preview:-1"},"canonical":"https:\/\/hipotese-resolvente.pt\/pt\/termos-de-utilizacao\/","og_locale":"pt_PT","og_type":"article","og_title":"Termos de Utiliza\u00e7\u00e3o - HR","og_description":"O conte\u00fado deste s\u00edtio electr\u00f3nico, incluindo designadamente os textos, imagens, fotografias, aplica\u00e7\u00f5es multim\u00e9dia e outros elementos no mesmo contidos s\u00e3o propriedade da Hip\u00f3tese Resolvente &#8211;","og_url":"https:\/\/hipotese-resolvente.pt\/pt\/termos-de-utilizacao\/","og_site_name":"HR","article_publisher":"https:\/\/www.facebook.com\/Hiptese-Resolvente-Unip-Lda-344538253580257\/","og_image":[{"width":812,"height":660,"url":"https:\/\/hipotese-resolvente.pt\/wp\/wp-content\/uploads\/2022\/07\/Hipotese-Resolvente_logo.jpg","type":"image\/jpeg"}],"twitter_card":"summary_large_image","twitter_misc":{"Tempo estimado de leitura":"3 minutos"},"schema":{"@context":"https:\/\/schema.org","@graph":[{"@type":"WebPage","@id":"https:\/\/hipotese-resolvente.pt\/termos-de-utilizacao\/","url":"https:\/\/hipotese-resolvente.pt\/termos-de-utilizacao\/","name":"Termos de Utiliza\u00e7\u00e3o - HR","isPartOf":{"@id":"https:\/\/hipotese-resolvente.pt\/pt\/#website"},"datePublished":"2024-04-29T21:22:30+00:00","breadcrumb":{"@id":"https:\/\/hipotese-resolvente.pt\/termos-de-utilizacao\/#breadcrumb"},"inLanguage":"pt-PT","potentialAction":[{"@type":"ReadAction","target":["https:\/\/hipotese-resolvente.pt\/termos-de-utilizacao\/"]}]},{"@type":"BreadcrumbList","@id":"https:\/\/hipotese-resolvente.pt\/termos-de-utilizacao\/#breadcrumb","itemListElement":[{"@type":"ListItem","position":1,"name":"In\u00edcio","item":"https:\/\/hipotese-resolvente.pt\/"},{"@type":"ListItem","position":2,"name":"Termos de Utiliza\u00e7\u00e3o"}]},{"@type":"WebSite","@id":"https:\/\/hipotese-resolvente.pt\/pt\/#website","url":"https:\/\/hipotese-resolvente.pt\/pt\/","name":"Hipotese Resolvente - Venda, Manuten\u00e7\u00e3o e Repara\u00e7\u00e3o de Equipamentos Industriais","description":"Servi\u00e7os Manuten\u00e7\u00e3o Industrial","publisher":{"@id":"https:\/\/hipotese-resolvente.pt\/pt\/#organization"},"alternateName":"HR","potentialAction":[{"@type":"SearchAction","target":{"@type":"EntryPoint","urlTemplate":"https:\/\/hipotese-resolvente.pt\/pt\/?s={search_term_string}"},"query-input":{"@type":"PropertyValueSpecification","valueRequired":true,"valueName":"search_term_string"}}],"inLanguage":"pt-PT"},{"@type":"Organization","@id":"https:\/\/hipotese-resolvente.pt\/pt\/#organization","name":"Hipotese Resolvente - Venda, Manuten\u00e7\u00e3o e Repara\u00e7\u00e3o de Equipamentos Industriais","alternateName":"HR","url":"https:\/\/hipotese-resolvente.pt\/pt\/","logo":{"@type":"ImageObject","inLanguage":"pt-PT","@id":"https:\/\/hipotese-resolvente.pt\/pt\/#\/schema\/logo\/image\/","url":"https:\/\/hipotese-resolvente.pt\/wp\/wp-content\/uploads\/2022\/07\/hr_siteLogo.png","contentUrl":"https:\/\/hipotese-resolvente.pt\/wp\/wp-content\/uploads\/2022\/07\/hr_siteLogo.png","width":100,"height":60,"caption":"Hipotese Resolvente - Venda, Manuten\u00e7\u00e3o e Repara\u00e7\u00e3o de Equipamentos Industriais"},"image":{"@id":"https:\/\/hipotese-resolvente.pt\/pt\/#\/schema\/logo\/image\/"},"sameAs":["https:\/\/www.facebook.com\/Hiptese-Resolvente-Unip-Lda-344538253580257\/"]}]}},"_links":{"self":[{"href":"https:\/\/hipotese-resolvente.pt\/pt\/wp-json\/wp\/v2\/pages\/795","targetHints":{"allow":["GET"]}}],"collection":[{"href":"https:\/\/hipotese-resolvente.pt\/pt\/wp-json\/wp\/v2\/pages"}],"about":[{"href":"https:\/\/hipotese-resolvente.pt\/pt\/wp-json\/wp\/v2\/types\/page"}],"author":[{"embeddable":true,"href":"https:\/\/hipotese-resolvente.pt\/pt\/wp-json\/wp\/v2\/users\/1"}],"replies":[{"embeddable":true,"href":"https:\/\/hipotese-resolvente.pt\/pt\/wp-json\/wp\/v2\/comments?post=795"}],"version-history":[{"count":1,"href":"https:\/\/hipotese-resolvente.pt\/pt\/wp-json\/wp\/v2\/pages\/795\/revisions"}],"predecessor-version":[{"id":796,"href":"https:\/\/hipotese-resolvente.pt\/pt\/wp-json\/wp\/v2\/pages\/795\/revisions\/796"}],"wp:attachment":[{"href":"https:\/\/hipotese-resolvente.pt\/pt\/wp-json\/wp\/v2\/media?parent=795"}],"curies":[{"name":"wp","href":"https:\/\/api.w.org\/{rel}","templated":true}]}}