{"id":66,"date":"2022-07-03T12:25:47","date_gmt":"2022-07-03T11:25:47","guid":{"rendered":"https:\/\/hipotese-resolvente.pt\/wp\/?page_id=66"},"modified":"2022-10-06T16:28:08","modified_gmt":"2022-10-06T15:28:08","slug":"venda-manutencao-e-reparacao-de-equipamentos-industriais","status":"publish","type":"page","link":"https:\/\/hipotese-resolvente.pt\/pt\/venda-manutencao-e-reparacao-de-equipamentos-industriais\/","title":{"rendered":"Venda, Manuten\u00e7\u00e3o &#038; Repara\u00e7\u00e3o de Equipamentos Industriais"},"content":{"rendered":"","protected":false},"excerpt":{"rendered":"","protected":false},"author":1,"featured_media":453,"parent":0,"menu_order":0,"comment_status":"closed","ping_status":"closed","template":"","meta":{"footnotes":""},"class_list":["post-66","page","type-page","status-publish","has-post-thumbnail","hentry"],"yoast_head":"<!-- This site is optimized with the Yoast SEO plugin v27.1.1 - https:\/\/yoast.com\/product\/yoast-seo-wordpress\/ -->\n<title>Venda, Manuten\u00e7\u00e3o &amp; Repara\u00e7\u00e3o de Equipamentos Industriais - HR<\/title>\n<meta name=\"robots\" content=\"index, follow, max-snippet:-1, max-image-preview:large, max-video-preview:-1\" \/>\n<link rel=\"canonical\" href=\"https:\/\/hipotese-resolvente.pt\/pt\/venda-manutencao-e-reparacao-de-equipamentos-industriais\/\" \/>\n<meta property=\"og:locale\" content=\"pt_PT\" \/>\n<meta property=\"og:type\" content=\"article\" \/>\n<meta property=\"og:title\" content=\"Venda, Manuten\u00e7\u00e3o &amp; Repara\u00e7\u00e3o de Equipamentos Industriais - HR\" \/>\n<meta property=\"og:url\" content=\"https:\/\/hipotese-resolvente.pt\/pt\/venda-manutencao-e-reparacao-de-equipamentos-industriais\/\" \/>\n<meta property=\"og:site_name\" content=\"HR\" \/>\n<meta property=\"article:publisher\" content=\"https:\/\/www.facebook.com\/Hiptese-Resolvente-Unip-Lda-344538253580257\/\" \/>\n<meta property=\"article:modified_time\" content=\"2022-10-06T15:28:08+00:00\" \/>\n<meta property=\"og:image\" content=\"https:\/\/hipotese-resolvente.pt\/wp\/wp-content\/uploads\/2022\/10\/HRpainel1920_1000-1024x533.png\" \/>\n\t<meta property=\"og:image:width\" content=\"1024\" \/>\n\t<meta property=\"og:image:height\" content=\"533\" \/>\n\t<meta property=\"og:image:type\" content=\"image\/png\" \/>\n<meta name=\"twitter:card\" content=\"summary_large_image\" \/>\n<script type=\"application\/ld+json\" class=\"yoast-schema-graph\">{\"@context\":\"https:\/\/schema.org\",\"@graph\":[{\"@type\":\"WebPage\",\"@id\":\"https:\/\/hipotese-resolvente.pt\/pt\/venda-manutencao-e-reparacao-de-equipamentos-industriais\/\",\"url\":\"https:\/\/hipotese-resolvente.pt\/pt\/venda-manutencao-e-reparacao-de-equipamentos-industriais\/\",\"name\":\"Venda, Manuten\u00e7\u00e3o & Repara\u00e7\u00e3o de Equipamentos Industriais - HR\",\"isPartOf\":{\"@id\":\"https:\/\/hipotese-resolvente.pt\/pt\/#website\"},\"primaryImageOfPage\":{\"@id\":\"https:\/\/hipotese-resolvente.pt\/pt\/venda-manutencao-e-reparacao-de-equipamentos-industriais\/#primaryimage\"},\"image\":{\"@id\":\"https:\/\/hipotese-resolvente.pt\/pt\/venda-manutencao-e-reparacao-de-equipamentos-industriais\/#primaryimage\"},\"thumbnailUrl\":\"https:\/\/hipotese-resolvente.pt\/wp\/wp-content\/uploads\/2022\/10\/HRpainel1920_1000.png\",\"datePublished\":\"2022-07-03T11:25:47+00:00\",\"dateModified\":\"2022-10-06T15:28:08+00:00\",\"breadcrumb\":{\"@id\":\"https:\/\/hipotese-resolvente.pt\/pt\/venda-manutencao-e-reparacao-de-equipamentos-industriais\/#breadcrumb\"},\"inLanguage\":\"pt-PT\",\"potentialAction\":[{\"@type\":\"ReadAction\",\"target\":[\"https:\/\/hipotese-resolvente.pt\/pt\/venda-manutencao-e-reparacao-de-equipamentos-industriais\/\"]}]},{\"@type\":\"ImageObject\",\"inLanguage\":\"pt-PT\",\"@id\":\"https:\/\/hipotese-resolvente.pt\/pt\/venda-manutencao-e-reparacao-de-equipamentos-industriais\/#primaryimage\",\"url\":\"https:\/\/hipotese-resolvente.pt\/wp\/wp-content\/uploads\/2022\/10\/HRpainel1920_1000.png\",\"contentUrl\":\"https:\/\/hipotese-resolvente.pt\/wp\/wp-content\/uploads\/2022\/10\/HRpainel1920_1000.png\",\"width\":1920,\"height\":1000},{\"@type\":\"BreadcrumbList\",\"@id\":\"https:\/\/hipotese-resolvente.pt\/pt\/venda-manutencao-e-reparacao-de-equipamentos-industriais\/#breadcrumb\",\"itemListElement\":[{\"@type\":\"ListItem\",\"position\":1,\"name\":\"In\u00edcio\",\"item\":\"https:\/\/hipotese-resolvente.pt\/\"},{\"@type\":\"ListItem\",\"position\":2,\"name\":\"Venda, Manuten\u00e7\u00e3o &#038; Repara\u00e7\u00e3o de Equipamentos Industriais\"}]},{\"@type\":\"WebSite\",\"@id\":\"https:\/\/hipotese-resolvente.pt\/pt\/#website\",\"url\":\"https:\/\/hipotese-resolvente.pt\/pt\/\",\"name\":\"Hipotese Resolvente - Venda, Manuten\u00e7\u00e3o e Repara\u00e7\u00e3o de Equipamentos Industriais\",\"description\":\"Servi\u00e7os Manuten\u00e7\u00e3o Industrial\",\"publisher\":{\"@id\":\"https:\/\/hipotese-resolvente.pt\/pt\/#organization\"},\"alternateName\":\"HR\",\"potentialAction\":[{\"@type\":\"SearchAction\",\"target\":{\"@type\":\"EntryPoint\",\"urlTemplate\":\"https:\/\/hipotese-resolvente.pt\/pt\/?s={search_term_string}\"},\"query-input\":{\"@type\":\"PropertyValueSpecification\",\"valueRequired\":true,\"valueName\":\"search_term_string\"}}],\"inLanguage\":\"pt-PT\"},{\"@type\":\"Organization\",\"@id\":\"https:\/\/hipotese-resolvente.pt\/pt\/#organization\",\"name\":\"Hipotese Resolvente - Venda, Manuten\u00e7\u00e3o e Repara\u00e7\u00e3o de Equipamentos Industriais\",\"alternateName\":\"HR\",\"url\":\"https:\/\/hipotese-resolvente.pt\/pt\/\",\"logo\":{\"@type\":\"ImageObject\",\"inLanguage\":\"pt-PT\",\"@id\":\"https:\/\/hipotese-resolvente.pt\/pt\/#\/schema\/logo\/image\/\",\"url\":\"https:\/\/hipotese-resolvente.pt\/wp\/wp-content\/uploads\/2022\/07\/hr_siteLogo.png\",\"contentUrl\":\"https:\/\/hipotese-resolvente.pt\/wp\/wp-content\/uploads\/2022\/07\/hr_siteLogo.png\",\"width\":100,\"height\":60,\"caption\":\"Hipotese Resolvente - Venda, Manuten\u00e7\u00e3o e Repara\u00e7\u00e3o de Equipamentos Industriais\"},\"image\":{\"@id\":\"https:\/\/hipotese-resolvente.pt\/pt\/#\/schema\/logo\/image\/\"},\"sameAs\":[\"https:\/\/www.facebook.com\/Hiptese-Resolvente-Unip-Lda-344538253580257\/\"]}]}<\/script>\n<!-- \/ Yoast SEO plugin. -->","yoast_head_json":{"title":"Venda, Manuten\u00e7\u00e3o & Repara\u00e7\u00e3o de Equipamentos Industriais - HR","robots":{"index":"index","follow":"follow","max-snippet":"max-snippet:-1","max-image-preview":"max-image-preview:large","max-video-preview":"max-video-preview:-1"},"canonical":"https:\/\/hipotese-resolvente.pt\/pt\/venda-manutencao-e-reparacao-de-equipamentos-industriais\/","og_locale":"pt_PT","og_type":"article","og_title":"Venda, Manuten\u00e7\u00e3o & Repara\u00e7\u00e3o de Equipamentos Industriais - HR","og_url":"https:\/\/hipotese-resolvente.pt\/pt\/venda-manutencao-e-reparacao-de-equipamentos-industriais\/","og_site_name":"HR","article_publisher":"https:\/\/www.facebook.com\/Hiptese-Resolvente-Unip-Lda-344538253580257\/","article_modified_time":"2022-10-06T15:28:08+00:00","og_image":[{"width":1024,"height":533,"url":"https:\/\/hipotese-resolvente.pt\/wp\/wp-content\/uploads\/2022\/10\/HRpainel1920_1000-1024x533.png","type":"image\/png"}],"twitter_card":"summary_large_image","schema":{"@context":"https:\/\/schema.org","@graph":[{"@type":"WebPage","@id":"https:\/\/hipotese-resolvente.pt\/pt\/venda-manutencao-e-reparacao-de-equipamentos-industriais\/","url":"https:\/\/hipotese-resolvente.pt\/pt\/venda-manutencao-e-reparacao-de-equipamentos-industriais\/","name":"Venda, Manuten\u00e7\u00e3o & Repara\u00e7\u00e3o de Equipamentos Industriais - HR","isPartOf":{"@id":"https:\/\/hipotese-resolvente.pt\/pt\/#website"},"primaryImageOfPage":{"@id":"https:\/\/hipotese-resolvente.pt\/pt\/venda-manutencao-e-reparacao-de-equipamentos-industriais\/#primaryimage"},"image":{"@id":"https:\/\/hipotese-resolvente.pt\/pt\/venda-manutencao-e-reparacao-de-equipamentos-industriais\/#primaryimage"},"thumbnailUrl":"https:\/\/hipotese-resolvente.pt\/wp\/wp-content\/uploads\/2022\/10\/HRpainel1920_1000.png","datePublished":"2022-07-03T11:25:47+00:00","dateModified":"2022-10-06T15:28:08+00:00","breadcrumb":{"@id":"https:\/\/hipotese-resolvente.pt\/pt\/venda-manutencao-e-reparacao-de-equipamentos-industriais\/#breadcrumb"},"inLanguage":"pt-PT","potentialAction":[{"@type":"ReadAction","target":["https:\/\/hipotese-resolvente.pt\/pt\/venda-manutencao-e-reparacao-de-equipamentos-industriais\/"]}]},{"@type":"ImageObject","inLanguage":"pt-PT","@id":"https:\/\/hipotese-resolvente.pt\/pt\/venda-manutencao-e-reparacao-de-equipamentos-industriais\/#primaryimage","url":"https:\/\/hipotese-resolvente.pt\/wp\/wp-content\/uploads\/2022\/10\/HRpainel1920_1000.png","contentUrl":"https:\/\/hipotese-resolvente.pt\/wp\/wp-content\/uploads\/2022\/10\/HRpainel1920_1000.png","width":1920,"height":1000},{"@type":"BreadcrumbList","@id":"https:\/\/hipotese-resolvente.pt\/pt\/venda-manutencao-e-reparacao-de-equipamentos-industriais\/#breadcrumb","itemListElement":[{"@type":"ListItem","position":1,"name":"In\u00edcio","item":"https:\/\/hipotese-resolvente.pt\/"},{"@type":"ListItem","position":2,"name":"Venda, Manuten\u00e7\u00e3o &#038; Repara\u00e7\u00e3o de Equipamentos Industriais"}]},{"@type":"WebSite","@id":"https:\/\/hipotese-resolvente.pt\/pt\/#website","url":"https:\/\/hipotese-resolvente.pt\/pt\/","name":"Hipotese Resolvente - Venda, Manuten\u00e7\u00e3o e Repara\u00e7\u00e3o de Equipamentos Industriais","description":"Servi\u00e7os Manuten\u00e7\u00e3o Industrial","publisher":{"@id":"https:\/\/hipotese-resolvente.pt\/pt\/#organization"},"alternateName":"HR","potentialAction":[{"@type":"SearchAction","target":{"@type":"EntryPoint","urlTemplate":"https:\/\/hipotese-resolvente.pt\/pt\/?s={search_term_string}"},"query-input":{"@type":"PropertyValueSpecification","valueRequired":true,"valueName":"search_term_string"}}],"inLanguage":"pt-PT"},{"@type":"Organization","@id":"https:\/\/hipotese-resolvente.pt\/pt\/#organization","name":"Hipotese Resolvente - Venda, Manuten\u00e7\u00e3o e Repara\u00e7\u00e3o de Equipamentos Industriais","alternateName":"HR","url":"https:\/\/hipotese-resolvente.pt\/pt\/","logo":{"@type":"ImageObject","inLanguage":"pt-PT","@id":"https:\/\/hipotese-resolvente.pt\/pt\/#\/schema\/logo\/image\/","url":"https:\/\/hipotese-resolvente.pt\/wp\/wp-content\/uploads\/2022\/07\/hr_siteLogo.png","contentUrl":"https:\/\/hipotese-resolvente.pt\/wp\/wp-content\/uploads\/2022\/07\/hr_siteLogo.png","width":100,"height":60,"caption":"Hipotese Resolvente - Venda, Manuten\u00e7\u00e3o e Repara\u00e7\u00e3o de Equipamentos Industriais"},"image":{"@id":"https:\/\/hipotese-resolvente.pt\/pt\/#\/schema\/logo\/image\/"},"sameAs":["https:\/\/www.facebook.com\/Hiptese-Resolvente-Unip-Lda-344538253580257\/"]}]}},"_links":{"self":[{"href":"https:\/\/hipotese-resolvente.pt\/pt\/wp-json\/wp\/v2\/pages\/66","targetHints":{"allow":["GET"]}}],"collection":[{"href":"https:\/\/hipotese-resolvente.pt\/pt\/wp-json\/wp\/v2\/pages"}],"about":[{"href":"https:\/\/hipotese-resolvente.pt\/pt\/wp-json\/wp\/v2\/types\/page"}],"author":[{"embeddable":true,"href":"https:\/\/hipotese-resolvente.pt\/pt\/wp-json\/wp\/v2\/users\/1"}],"replies":[{"embeddable":true,"href":"https:\/\/hipotese-resolvente.pt\/pt\/wp-json\/wp\/v2\/comments?post=66"}],"version-history":[{"count":2,"href":"https:\/\/hipotese-resolvente.pt\/pt\/wp-json\/wp\/v2\/pages\/66\/revisions"}],"predecessor-version":[{"id":454,"href":"https:\/\/hipotese-resolvente.pt\/pt\/wp-json\/wp\/v2\/pages\/66\/revisions\/454"}],"wp:featuredmedia":[{"embeddable":true,"href":"https:\/\/hipotese-resolvente.pt\/pt\/wp-json\/wp\/v2\/media\/453"}],"wp:attachment":[{"href":"https:\/\/hipotese-resolvente.pt\/pt\/wp-json\/wp\/v2\/media?parent=66"}],"curies":[{"name":"wp","href":"https:\/\/api.w.org\/{rel}","templated":true}]}}