{"id":292,"date":"2015-07-20T11:16:27","date_gmt":"2015-07-20T11:16:27","guid":{"rendered":"http:\/\/demo.themegrill.com\/himalayas\/?page_id=63"},"modified":"2022-11-07T01:31:49","modified_gmt":"2022-11-07T00:31:49","slug":"industrial-service","status":"publish","type":"page","link":"https:\/\/hipotese-resolvente.pt\/pt\/industrial-service\/","title":{"rendered":"<div class=\"section-title-wrapper-ric\"><h4 class=\"main-title\">Industrial Service<\/h4> <\/div>"},"content":{"rendered":"<p><iframe loading=\"lazy\" height=\"600\" width=\"100%\" src=\"https:\/\/www.industrialservicesrl.com\/en\/new-machines\/\" title=\"Industrial Service \"><\/iframe><\/p>\n","protected":false},"excerpt":{"rendered":"","protected":false},"author":1,"featured_media":634,"parent":0,"menu_order":1,"comment_status":"closed","ping_status":"closed","template":"page-templates\/template-team.php","meta":{"footnotes":""},"class_list":["post-292","page","type-page","status-publish","has-post-thumbnail","hentry"],"yoast_head":"<!-- This site is optimized with the Yoast SEO plugin v27.1.1 - https:\/\/yoast.com\/product\/yoast-seo-wordpress\/ -->\n<title>Industrial Service  - HR<\/title>\n<meta name=\"robots\" content=\"index, follow, max-snippet:-1, max-image-preview:large, max-video-preview:-1\" \/>\n<link rel=\"canonical\" href=\"https:\/\/hipotese-resolvente.pt\/pt\/industrial-service\/\" \/>\n<meta property=\"og:locale\" content=\"pt_PT\" \/>\n<meta property=\"og:type\" content=\"article\" \/>\n<meta property=\"og:title\" content=\"Industrial Service  - HR\" \/>\n<meta property=\"og:url\" content=\"https:\/\/hipotese-resolvente.pt\/pt\/industrial-service\/\" \/>\n<meta property=\"og:site_name\" content=\"HR\" \/>\n<meta property=\"article:publisher\" content=\"https:\/\/www.facebook.com\/Hiptese-Resolvente-Unip-Lda-344538253580257\/\" \/>\n<meta property=\"article:modified_time\" content=\"2022-11-07T00:31:49+00:00\" \/>\n<meta property=\"og:image\" content=\"https:\/\/hipotese-resolvente.pt\/wp\/wp-content\/uploads\/2022\/11\/logo-industrial-service400x300.png\" \/>\n\t<meta property=\"og:image:width\" content=\"400\" \/>\n\t<meta property=\"og:image:height\" content=\"300\" \/>\n\t<meta property=\"og:image:type\" content=\"image\/png\" \/>\n<meta name=\"twitter:card\" content=\"summary_large_image\" \/>\n<script type=\"application\/ld+json\" class=\"yoast-schema-graph\">{\"@context\":\"https:\/\/schema.org\",\"@graph\":[{\"@type\":\"WebPage\",\"@id\":\"https:\/\/hipotese-resolvente.pt\/pt\/industrial-service\/\",\"url\":\"https:\/\/hipotese-resolvente.pt\/pt\/industrial-service\/\",\"name\":\"Industrial Service - HR\",\"isPartOf\":{\"@id\":\"https:\/\/hipotese-resolvente.pt\/pt\/#website\"},\"primaryImageOfPage\":{\"@id\":\"https:\/\/hipotese-resolvente.pt\/pt\/industrial-service\/#primaryimage\"},\"image\":{\"@id\":\"https:\/\/hipotese-resolvente.pt\/pt\/industrial-service\/#primaryimage\"},\"thumbnailUrl\":\"https:\/\/hipotese-resolvente.pt\/wp\/wp-content\/uploads\/2022\/11\/logo-industrial-service400x300.png\",\"datePublished\":\"2015-07-20T11:16:27+00:00\",\"dateModified\":\"2022-11-07T00:31:49+00:00\",\"breadcrumb\":{\"@id\":\"https:\/\/hipotese-resolvente.pt\/pt\/industrial-service\/#breadcrumb\"},\"inLanguage\":\"pt-PT\",\"potentialAction\":[{\"@type\":\"ReadAction\",\"target\":[\"https:\/\/hipotese-resolvente.pt\/pt\/industrial-service\/\"]}]},{\"@type\":\"ImageObject\",\"inLanguage\":\"pt-PT\",\"@id\":\"https:\/\/hipotese-resolvente.pt\/pt\/industrial-service\/#primaryimage\",\"url\":\"https:\/\/hipotese-resolvente.pt\/wp\/wp-content\/uploads\/2022\/11\/logo-industrial-service400x300.png\",\"contentUrl\":\"https:\/\/hipotese-resolvente.pt\/wp\/wp-content\/uploads\/2022\/11\/logo-industrial-service400x300.png\",\"width\":400,\"height\":300},{\"@type\":\"BreadcrumbList\",\"@id\":\"https:\/\/hipotese-resolvente.pt\/pt\/industrial-service\/#breadcrumb\",\"itemListElement\":[{\"@type\":\"ListItem\",\"position\":1,\"name\":\"In\u00edcio\",\"item\":\"https:\/\/hipotese-resolvente.pt\/\"},{\"@type\":\"ListItem\",\"position\":2,\"name\":\"Industrial Service\"}]},{\"@type\":\"WebSite\",\"@id\":\"https:\/\/hipotese-resolvente.pt\/pt\/#website\",\"url\":\"https:\/\/hipotese-resolvente.pt\/pt\/\",\"name\":\"Hipotese Resolvente - Venda, Manuten\u00e7\u00e3o e Repara\u00e7\u00e3o de Equipamentos Industriais\",\"description\":\"Servi\u00e7os Manuten\u00e7\u00e3o Industrial\",\"publisher\":{\"@id\":\"https:\/\/hipotese-resolvente.pt\/pt\/#organization\"},\"alternateName\":\"HR\",\"potentialAction\":[{\"@type\":\"SearchAction\",\"target\":{\"@type\":\"EntryPoint\",\"urlTemplate\":\"https:\/\/hipotese-resolvente.pt\/pt\/?s={search_term_string}\"},\"query-input\":{\"@type\":\"PropertyValueSpecification\",\"valueRequired\":true,\"valueName\":\"search_term_string\"}}],\"inLanguage\":\"pt-PT\"},{\"@type\":\"Organization\",\"@id\":\"https:\/\/hipotese-resolvente.pt\/pt\/#organization\",\"name\":\"Hipotese Resolvente - Venda, Manuten\u00e7\u00e3o e Repara\u00e7\u00e3o de Equipamentos Industriais\",\"alternateName\":\"HR\",\"url\":\"https:\/\/hipotese-resolvente.pt\/pt\/\",\"logo\":{\"@type\":\"ImageObject\",\"inLanguage\":\"pt-PT\",\"@id\":\"https:\/\/hipotese-resolvente.pt\/pt\/#\/schema\/logo\/image\/\",\"url\":\"https:\/\/hipotese-resolvente.pt\/wp\/wp-content\/uploads\/2022\/07\/hr_siteLogo.png\",\"contentUrl\":\"https:\/\/hipotese-resolvente.pt\/wp\/wp-content\/uploads\/2022\/07\/hr_siteLogo.png\",\"width\":100,\"height\":60,\"caption\":\"Hipotese Resolvente - Venda, Manuten\u00e7\u00e3o e Repara\u00e7\u00e3o de Equipamentos Industriais\"},\"image\":{\"@id\":\"https:\/\/hipotese-resolvente.pt\/pt\/#\/schema\/logo\/image\/\"},\"sameAs\":[\"https:\/\/www.facebook.com\/Hiptese-Resolvente-Unip-Lda-344538253580257\/\"]}]}<\/script>\n<!-- \/ Yoast SEO plugin. -->","yoast_head_json":{"title":"Industrial Service  - HR","robots":{"index":"index","follow":"follow","max-snippet":"max-snippet:-1","max-image-preview":"max-image-preview:large","max-video-preview":"max-video-preview:-1"},"canonical":"https:\/\/hipotese-resolvente.pt\/pt\/industrial-service\/","og_locale":"pt_PT","og_type":"article","og_title":"Industrial Service  - HR","og_url":"https:\/\/hipotese-resolvente.pt\/pt\/industrial-service\/","og_site_name":"HR","article_publisher":"https:\/\/www.facebook.com\/Hiptese-Resolvente-Unip-Lda-344538253580257\/","article_modified_time":"2022-11-07T00:31:49+00:00","og_image":[{"width":400,"height":300,"url":"https:\/\/hipotese-resolvente.pt\/wp\/wp-content\/uploads\/2022\/11\/logo-industrial-service400x300.png","type":"image\/png"}],"twitter_card":"summary_large_image","schema":{"@context":"https:\/\/schema.org","@graph":[{"@type":"WebPage","@id":"https:\/\/hipotese-resolvente.pt\/pt\/industrial-service\/","url":"https:\/\/hipotese-resolvente.pt\/pt\/industrial-service\/","name":"Industrial Service - HR","isPartOf":{"@id":"https:\/\/hipotese-resolvente.pt\/pt\/#website"},"primaryImageOfPage":{"@id":"https:\/\/hipotese-resolvente.pt\/pt\/industrial-service\/#primaryimage"},"image":{"@id":"https:\/\/hipotese-resolvente.pt\/pt\/industrial-service\/#primaryimage"},"thumbnailUrl":"https:\/\/hipotese-resolvente.pt\/wp\/wp-content\/uploads\/2022\/11\/logo-industrial-service400x300.png","datePublished":"2015-07-20T11:16:27+00:00","dateModified":"2022-11-07T00:31:49+00:00","breadcrumb":{"@id":"https:\/\/hipotese-resolvente.pt\/pt\/industrial-service\/#breadcrumb"},"inLanguage":"pt-PT","potentialAction":[{"@type":"ReadAction","target":["https:\/\/hipotese-resolvente.pt\/pt\/industrial-service\/"]}]},{"@type":"ImageObject","inLanguage":"pt-PT","@id":"https:\/\/hipotese-resolvente.pt\/pt\/industrial-service\/#primaryimage","url":"https:\/\/hipotese-resolvente.pt\/wp\/wp-content\/uploads\/2022\/11\/logo-industrial-service400x300.png","contentUrl":"https:\/\/hipotese-resolvente.pt\/wp\/wp-content\/uploads\/2022\/11\/logo-industrial-service400x300.png","width":400,"height":300},{"@type":"BreadcrumbList","@id":"https:\/\/hipotese-resolvente.pt\/pt\/industrial-service\/#breadcrumb","itemListElement":[{"@type":"ListItem","position":1,"name":"In\u00edcio","item":"https:\/\/hipotese-resolvente.pt\/"},{"@type":"ListItem","position":2,"name":"Industrial Service"}]},{"@type":"WebSite","@id":"https:\/\/hipotese-resolvente.pt\/pt\/#website","url":"https:\/\/hipotese-resolvente.pt\/pt\/","name":"Hipotese Resolvente - Venda, Manuten\u00e7\u00e3o e Repara\u00e7\u00e3o de Equipamentos Industriais","description":"Servi\u00e7os Manuten\u00e7\u00e3o Industrial","publisher":{"@id":"https:\/\/hipotese-resolvente.pt\/pt\/#organization"},"alternateName":"HR","potentialAction":[{"@type":"SearchAction","target":{"@type":"EntryPoint","urlTemplate":"https:\/\/hipotese-resolvente.pt\/pt\/?s={search_term_string}"},"query-input":{"@type":"PropertyValueSpecification","valueRequired":true,"valueName":"search_term_string"}}],"inLanguage":"pt-PT"},{"@type":"Organization","@id":"https:\/\/hipotese-resolvente.pt\/pt\/#organization","name":"Hipotese Resolvente - Venda, Manuten\u00e7\u00e3o e Repara\u00e7\u00e3o de Equipamentos Industriais","alternateName":"HR","url":"https:\/\/hipotese-resolvente.pt\/pt\/","logo":{"@type":"ImageObject","inLanguage":"pt-PT","@id":"https:\/\/hipotese-resolvente.pt\/pt\/#\/schema\/logo\/image\/","url":"https:\/\/hipotese-resolvente.pt\/wp\/wp-content\/uploads\/2022\/07\/hr_siteLogo.png","contentUrl":"https:\/\/hipotese-resolvente.pt\/wp\/wp-content\/uploads\/2022\/07\/hr_siteLogo.png","width":100,"height":60,"caption":"Hipotese Resolvente - Venda, Manuten\u00e7\u00e3o e Repara\u00e7\u00e3o de Equipamentos Industriais"},"image":{"@id":"https:\/\/hipotese-resolvente.pt\/pt\/#\/schema\/logo\/image\/"},"sameAs":["https:\/\/www.facebook.com\/Hiptese-Resolvente-Unip-Lda-344538253580257\/"]}]}},"_links":{"self":[{"href":"https:\/\/hipotese-resolvente.pt\/pt\/wp-json\/wp\/v2\/pages\/292","targetHints":{"allow":["GET"]}}],"collection":[{"href":"https:\/\/hipotese-resolvente.pt\/pt\/wp-json\/wp\/v2\/pages"}],"about":[{"href":"https:\/\/hipotese-resolvente.pt\/pt\/wp-json\/wp\/v2\/types\/page"}],"author":[{"embeddable":true,"href":"https:\/\/hipotese-resolvente.pt\/pt\/wp-json\/wp\/v2\/users\/1"}],"replies":[{"embeddable":true,"href":"https:\/\/hipotese-resolvente.pt\/pt\/wp-json\/wp\/v2\/comments?post=292"}],"version-history":[{"count":10,"href":"https:\/\/hipotese-resolvente.pt\/pt\/wp-json\/wp\/v2\/pages\/292\/revisions"}],"predecessor-version":[{"id":749,"href":"https:\/\/hipotese-resolvente.pt\/pt\/wp-json\/wp\/v2\/pages\/292\/revisions\/749"}],"wp:featuredmedia":[{"embeddable":true,"href":"https:\/\/hipotese-resolvente.pt\/pt\/wp-json\/wp\/v2\/media\/634"}],"wp:attachment":[{"href":"https:\/\/hipotese-resolvente.pt\/pt\/wp-json\/wp\/v2\/media?parent=292"}],"curies":[{"name":"wp","href":"https:\/\/api.w.org\/{rel}","templated":true}]}}