{"id":792,"date":"2024-04-29T22:19:20","date_gmt":"2024-04-29T21:19:20","guid":{"rendered":"https:\/\/hipotese-resolvente.pt\/?page_id=792"},"modified":"2024-04-29T22:19:20","modified_gmt":"2024-04-29T21:19:20","slug":"politica-de-cookies","status":"publish","type":"page","link":"https:\/\/hipotese-resolvente.pt\/en\/politica-de-cookies\/","title":{"rendered":"Pol\u00edtica de Cookies"},"content":{"rendered":"<h5><strong>O que \u00e9 um cookie?<\/strong><\/h5>\n<div>Um cookie \u00e9 um ficheiro de texto que um website armazena no seu computador, telefone ou qualquer outro dispositivo com acesso \u00e0 internet, contendo informa\u00e7\u00e3o sobre a sua navega\u00e7\u00e3o neste website. Os cookies s\u00e3o utilizados para facilitar a navega\u00e7\u00e3o e torn\u00e1-la mais simples, e n\u00e3o danificam o seu computador.<\/p>\n<\/div>\n<h5><strong>Que tipo de cookies existem?<\/p>\n<p><\/strong><\/h5>\n<div><strong>Cookies Permanentes:<\/strong>\u00a0ficam armazenados ao n\u00edvel do navegador de internet (browser) nos seus dispositivos de acesso (pc, mobile e tablet) e s\u00e3o utilizados sempre que o utilizador faz uma nova visita ao site. Geralmente s\u00e3o utilizados para direccionar a navega\u00e7\u00e3o de acordo com os interesses do utilizador, permitindo-nos prestar um servi\u00e7o mais personalizado.<\/p>\n<\/div>\n<div><strong>Cookies de Sess\u00e3o:<\/strong>\u00a0s\u00e3o tempor\u00e1rios, permanecem nos cookies do seu navegador de internet (browser) at\u00e9 sair do site. A informa\u00e7\u00e3o obtida permite identificar problemas e fornecer uma melhor experi\u00eancia de navega\u00e7\u00e3o.<\/p>\n<\/div>\n<h5><strong>Qual \u00e9 a finalidade dos cookies neste site?<\/strong><\/h5>\n<div>Os nossos cookies t\u00eam diferentes fun\u00e7\u00f5es:<\/p>\n<\/div>\n<div><strong>Cookies Essenciais:<\/strong>\u00a0Alguns cookies s\u00e3o essenciais para aceder a \u00e1reas espec\u00edficas do nosso site. Permitem a navega\u00e7\u00e3o no site e a utiliza\u00e7\u00e3o das suas aplica\u00e7\u00f5es, tal como aceder a \u00e1reas seguras do site atrav\u00e9s de login. Sem estes cookies, os servi\u00e7os que o exijam n\u00e3o podem ser prestados.<\/p>\n<\/div>\n<div><strong>Cookies Anal\u00edticos:<\/strong>\u00a0Utilizamos estes cookies para analisar a forma como os utilizadores usam o site e monitorizar a performance deste. Isto permite-nos fornecer uma experi\u00eancia de alta qualidade ao personalizar a nossa oferta e rapidamente identificar e corrigir quaisquer problemas que surjam. Por exemplo, usamos cookies de desempenho para saber quais as p\u00e1ginas mais populares, qual o m\u00e9todo de liga\u00e7\u00e3o entre p\u00e1ginas que \u00e9 mais eficaz, ou para determinar a raz\u00e3o de algumas p\u00e1ginas estarem a receber mensagens de erro. Baseado na utiliza\u00e7\u00e3o do site, podemos tamb\u00e9m utilizar estes cookies para destacar artigos ou servi\u00e7os do site que pensamos ser do interesse dos utilizadores.Estes cookies s\u00e3o utilizados apenas para efeitos de cria\u00e7\u00e3o e an\u00e1lise estat\u00edstica, sem nunca recolher informa\u00e7\u00e3o de car\u00e1cter pessoal.<\/div>\n<div>\nMais Informa\u00e7\u00f5es:\u00a0<a href=\"https:\/\/www.google.com\/analytics\">www.google.com\/analytics<\/a>.<\/p>\n<\/div>\n<div><strong>Cookies de Funcionalidade:<\/strong>\u00a0utilizamos cookies de funcionalidade para nos permitir relembrar as prefer\u00eancias do utilizador. Por exemplo, os cookies evitam digitar o nome do utilizador cada vez que este acede ao site.<\/p>\n<\/div>\n<div>Em resumo, os cookies de funcionalidade guardam as prefer\u00eancias do utilizador relativamente \u00e0 utiliza\u00e7\u00e3o do site, de forma que n\u00e3o seja necess\u00e1rio voltar a configurar o site cada vez que o visita.<\/p>\n<\/div>\n<h5><strong>Posso desactivar a utiliza\u00e7\u00e3o de cookies?<\/strong><\/h5>\n<div>Sim, os cookies podem ser desactivados no seu navegador (browser).<\/div>\n<div>No entanto, ao desactivar as cookies, poder\u00e1 impedir que alguns servi\u00e7os da web funcionem correctamente, afectando, parcial ou totalmente, a navega\u00e7\u00e3o no website.<\/p>\n<\/div>\n<div>Poder\u00e1 bloquear ou apagar os cookies deste site modificando a configura\u00e7\u00e3o do seu navegador. Para mais detalhes sobre a configura\u00e7\u00e3o dos cookies, consulte o menu \u201cAjuda\u201d do seu navegador.<\/p>\n<\/div>\n<div>Para obter mais informa\u00e7\u00f5es sobre cookies e a respectiva utiliza\u00e7\u00e3o, sugerimos que consulte o seguinte link:<\/div>\n<div><strong><a href=\"http:\/\/www.allaboutcookies.org\/\" target=\"_blank\" rel=\"noopener noreferrer\">All About Cookies<\/a><\/strong><\/div>","protected":false},"excerpt":{"rendered":"<p>O que \u00e9 um cookie? Um cookie \u00e9 um ficheiro de texto que um website armazena no seu computador, telefone ou qualquer outro dispositivo com<\/p>","protected":false},"author":1,"featured_media":0,"parent":0,"menu_order":0,"comment_status":"closed","ping_status":"closed","template":"","meta":{"footnotes":""},"class_list":["post-792","page","type-page","status-publish","hentry"],"yoast_head":"<!-- This site is optimized with the Yoast SEO plugin v27.1.1 - https:\/\/yoast.com\/product\/yoast-seo-wordpress\/ -->\n<title>Pol\u00edtica de Cookies - HR<\/title>\n<meta name=\"robots\" content=\"index, follow, max-snippet:-1, max-image-preview:large, max-video-preview:-1\" \/>\n<link rel=\"canonical\" href=\"https:\/\/hipotese-resolvente.pt\/en\/politica-de-cookies\/\" \/>\n<meta property=\"og:locale\" content=\"en_GB\" \/>\n<meta property=\"og:type\" content=\"article\" \/>\n<meta property=\"og:title\" content=\"Pol\u00edtica de Cookies - HR\" \/>\n<meta property=\"og:description\" content=\"O que \u00e9 um cookie? Um cookie \u00e9 um ficheiro de texto que um website armazena no seu computador, telefone ou qualquer outro dispositivo com\" \/>\n<meta property=\"og:url\" content=\"https:\/\/hipotese-resolvente.pt\/en\/politica-de-cookies\/\" \/>\n<meta property=\"og:site_name\" content=\"HR\" \/>\n<meta property=\"article:publisher\" content=\"https:\/\/www.facebook.com\/Hiptese-Resolvente-Unip-Lda-344538253580257\/\" \/>\n<meta property=\"og:image\" content=\"https:\/\/hipotese-resolvente.pt\/wp\/wp-content\/uploads\/2022\/07\/Hipotese-Resolvente_logo.jpg\" \/>\n\t<meta property=\"og:image:width\" content=\"812\" \/>\n\t<meta property=\"og:image:height\" content=\"660\" \/>\n\t<meta property=\"og:image:type\" content=\"image\/jpeg\" \/>\n<meta name=\"twitter:card\" content=\"summary_large_image\" \/>\n<meta name=\"twitter:label1\" content=\"Estimated reading time\" \/>\n\t<meta name=\"twitter:data1\" content=\"3 minutes\" \/>\n<script type=\"application\/ld+json\" class=\"yoast-schema-graph\">{\"@context\":\"https:\/\/schema.org\",\"@graph\":[{\"@type\":\"WebPage\",\"@id\":\"https:\/\/hipotese-resolvente.pt\/politica-de-cookies\/\",\"url\":\"https:\/\/hipotese-resolvente.pt\/politica-de-cookies\/\",\"name\":\"Pol\u00edtica de Cookies - HR\",\"isPartOf\":{\"@id\":\"https:\/\/hipotese-resolvente.pt\/pt\/#website\"},\"datePublished\":\"2024-04-29T21:19:20+00:00\",\"breadcrumb\":{\"@id\":\"https:\/\/hipotese-resolvente.pt\/politica-de-cookies\/#breadcrumb\"},\"inLanguage\":\"en-GB\",\"potentialAction\":[{\"@type\":\"ReadAction\",\"target\":[\"https:\/\/hipotese-resolvente.pt\/politica-de-cookies\/\"]}]},{\"@type\":\"BreadcrumbList\",\"@id\":\"https:\/\/hipotese-resolvente.pt\/politica-de-cookies\/#breadcrumb\",\"itemListElement\":[{\"@type\":\"ListItem\",\"position\":1,\"name\":\"In\u00edcio\",\"item\":\"https:\/\/hipotese-resolvente.pt\/\"},{\"@type\":\"ListItem\",\"position\":2,\"name\":\"Pol\u00edtica de Cookies\"}]},{\"@type\":\"WebSite\",\"@id\":\"https:\/\/hipotese-resolvente.pt\/pt\/#website\",\"url\":\"https:\/\/hipotese-resolvente.pt\/pt\/\",\"name\":\"Hipotese Resolvente - Venda, Manuten\u00e7\u00e3o e Repara\u00e7\u00e3o de Equipamentos Industriais\",\"description\":\"Servi\u00e7os Manuten\u00e7\u00e3o Industrial\",\"publisher\":{\"@id\":\"https:\/\/hipotese-resolvente.pt\/pt\/#organization\"},\"alternateName\":\"HR\",\"potentialAction\":[{\"@type\":\"SearchAction\",\"target\":{\"@type\":\"EntryPoint\",\"urlTemplate\":\"https:\/\/hipotese-resolvente.pt\/pt\/?s={search_term_string}\"},\"query-input\":{\"@type\":\"PropertyValueSpecification\",\"valueRequired\":true,\"valueName\":\"search_term_string\"}}],\"inLanguage\":\"en-GB\"},{\"@type\":\"Organization\",\"@id\":\"https:\/\/hipotese-resolvente.pt\/pt\/#organization\",\"name\":\"Hipotese Resolvente - Venda, Manuten\u00e7\u00e3o e Repara\u00e7\u00e3o de Equipamentos Industriais\",\"alternateName\":\"HR\",\"url\":\"https:\/\/hipotese-resolvente.pt\/pt\/\",\"logo\":{\"@type\":\"ImageObject\",\"inLanguage\":\"en-GB\",\"@id\":\"https:\/\/hipotese-resolvente.pt\/pt\/#\/schema\/logo\/image\/\",\"url\":\"https:\/\/hipotese-resolvente.pt\/wp\/wp-content\/uploads\/2022\/07\/hr_siteLogo.png\",\"contentUrl\":\"https:\/\/hipotese-resolvente.pt\/wp\/wp-content\/uploads\/2022\/07\/hr_siteLogo.png\",\"width\":100,\"height\":60,\"caption\":\"Hipotese Resolvente - Venda, Manuten\u00e7\u00e3o e Repara\u00e7\u00e3o de Equipamentos Industriais\"},\"image\":{\"@id\":\"https:\/\/hipotese-resolvente.pt\/pt\/#\/schema\/logo\/image\/\"},\"sameAs\":[\"https:\/\/www.facebook.com\/Hiptese-Resolvente-Unip-Lda-344538253580257\/\"]}]}<\/script>\n<!-- \/ Yoast SEO plugin. -->","yoast_head_json":{"title":"Pol\u00edtica de Cookies - HR","robots":{"index":"index","follow":"follow","max-snippet":"max-snippet:-1","max-image-preview":"max-image-preview:large","max-video-preview":"max-video-preview:-1"},"canonical":"https:\/\/hipotese-resolvente.pt\/en\/politica-de-cookies\/","og_locale":"en_GB","og_type":"article","og_title":"Pol\u00edtica de Cookies - HR","og_description":"O que \u00e9 um cookie? Um cookie \u00e9 um ficheiro de texto que um website armazena no seu computador, telefone ou qualquer outro dispositivo com","og_url":"https:\/\/hipotese-resolvente.pt\/en\/politica-de-cookies\/","og_site_name":"HR","article_publisher":"https:\/\/www.facebook.com\/Hiptese-Resolvente-Unip-Lda-344538253580257\/","og_image":[{"width":812,"height":660,"url":"https:\/\/hipotese-resolvente.pt\/wp\/wp-content\/uploads\/2022\/07\/Hipotese-Resolvente_logo.jpg","type":"image\/jpeg"}],"twitter_card":"summary_large_image","twitter_misc":{"Estimated reading time":"3 minutes"},"schema":{"@context":"https:\/\/schema.org","@graph":[{"@type":"WebPage","@id":"https:\/\/hipotese-resolvente.pt\/politica-de-cookies\/","url":"https:\/\/hipotese-resolvente.pt\/politica-de-cookies\/","name":"Pol\u00edtica de Cookies - HR","isPartOf":{"@id":"https:\/\/hipotese-resolvente.pt\/pt\/#website"},"datePublished":"2024-04-29T21:19:20+00:00","breadcrumb":{"@id":"https:\/\/hipotese-resolvente.pt\/politica-de-cookies\/#breadcrumb"},"inLanguage":"en-GB","potentialAction":[{"@type":"ReadAction","target":["https:\/\/hipotese-resolvente.pt\/politica-de-cookies\/"]}]},{"@type":"BreadcrumbList","@id":"https:\/\/hipotese-resolvente.pt\/politica-de-cookies\/#breadcrumb","itemListElement":[{"@type":"ListItem","position":1,"name":"In\u00edcio","item":"https:\/\/hipotese-resolvente.pt\/"},{"@type":"ListItem","position":2,"name":"Pol\u00edtica de Cookies"}]},{"@type":"WebSite","@id":"https:\/\/hipotese-resolvente.pt\/pt\/#website","url":"https:\/\/hipotese-resolvente.pt\/pt\/","name":"Hipotese Resolvente - Venda, Manuten\u00e7\u00e3o e Repara\u00e7\u00e3o de Equipamentos Industriais","description":"Industrial Maintenance Services","publisher":{"@id":"https:\/\/hipotese-resolvente.pt\/pt\/#organization"},"alternateName":"HR","potentialAction":[{"@type":"SearchAction","target":{"@type":"EntryPoint","urlTemplate":"https:\/\/hipotese-resolvente.pt\/pt\/?s={search_term_string}"},"query-input":{"@type":"PropertyValueSpecification","valueRequired":true,"valueName":"search_term_string"}}],"inLanguage":"en-GB"},{"@type":"Organization","@id":"https:\/\/hipotese-resolvente.pt\/pt\/#organization","name":"Hipotese Resolvente - Venda, Manuten\u00e7\u00e3o e Repara\u00e7\u00e3o de Equipamentos Industriais","alternateName":"HR","url":"https:\/\/hipotese-resolvente.pt\/pt\/","logo":{"@type":"ImageObject","inLanguage":"en-GB","@id":"https:\/\/hipotese-resolvente.pt\/pt\/#\/schema\/logo\/image\/","url":"https:\/\/hipotese-resolvente.pt\/wp\/wp-content\/uploads\/2022\/07\/hr_siteLogo.png","contentUrl":"https:\/\/hipotese-resolvente.pt\/wp\/wp-content\/uploads\/2022\/07\/hr_siteLogo.png","width":100,"height":60,"caption":"Hipotese Resolvente - Venda, Manuten\u00e7\u00e3o e Repara\u00e7\u00e3o de Equipamentos Industriais"},"image":{"@id":"https:\/\/hipotese-resolvente.pt\/pt\/#\/schema\/logo\/image\/"},"sameAs":["https:\/\/www.facebook.com\/Hiptese-Resolvente-Unip-Lda-344538253580257\/"]}]}},"_links":{"self":[{"href":"https:\/\/hipotese-resolvente.pt\/en\/wp-json\/wp\/v2\/pages\/792","targetHints":{"allow":["GET"]}}],"collection":[{"href":"https:\/\/hipotese-resolvente.pt\/en\/wp-json\/wp\/v2\/pages"}],"about":[{"href":"https:\/\/hipotese-resolvente.pt\/en\/wp-json\/wp\/v2\/types\/page"}],"author":[{"embeddable":true,"href":"https:\/\/hipotese-resolvente.pt\/en\/wp-json\/wp\/v2\/users\/1"}],"replies":[{"embeddable":true,"href":"https:\/\/hipotese-resolvente.pt\/en\/wp-json\/wp\/v2\/comments?post=792"}],"version-history":[{"count":1,"href":"https:\/\/hipotese-resolvente.pt\/en\/wp-json\/wp\/v2\/pages\/792\/revisions"}],"predecessor-version":[{"id":793,"href":"https:\/\/hipotese-resolvente.pt\/en\/wp-json\/wp\/v2\/pages\/792\/revisions\/793"}],"wp:attachment":[{"href":"https:\/\/hipotese-resolvente.pt\/en\/wp-json\/wp\/v2\/media?parent=792"}],"curies":[{"name":"wp","href":"https:\/\/api.w.org\/{rel}","templated":true}]}}